{"id":1739,"date":"2024-03-05T11:03:04","date_gmt":"2024-03-05T11:03:04","guid":{"rendered":"https:\/\/toldosperez.com\/?page_id=1739"},"modified":"2024-04-12T10:54:23","modified_gmt":"2024-04-12T10:54:23","slug":"declaracion-de-accesibilidad","status":"publish","type":"page","link":"https:\/\/toldosperez.com\/ca\/declaracion-de-accesibilidad","title":{"rendered":"Declaraci\u00f3 d&#039;accessibilitat"},"content":{"rendered":"<div data-elementor-type=\"wp-page\" data-elementor-id=\"1739\" class=\"elementor elementor-1739\" data-elementor-post-type=\"page\">\n\t\t\t\t<div class=\"elementor-element elementor-element-1c5749e e-flex e-con-boxed e-con e-parent\" data-id=\"1c5749e\" data-element_type=\"container\" data-settings=\"{&quot;background_background&quot;:&quot;gradient&quot;,&quot;_ob_use_container_extras&quot;:&quot;no&quot;,&quot;_ob_column_hoveranimator&quot;:&quot;no&quot;,&quot;_ob_glider_is_slider&quot;:&quot;no&quot;,&quot;_ob_column_has_pseudo&quot;:&quot;no&quot;}\">\n\t\t\t\t\t<div class=\"e-con-inner\">\n\t\t\t\t\t<\/div>\n\t\t\t\t<\/div>\n\t\t<div class=\"elementor-element elementor-element-1aa9b87a e-flex e-con-boxed e-con e-parent\" data-id=\"1aa9b87a\" data-element_type=\"container\" data-settings=\"{&quot;_ob_use_container_extras&quot;:&quot;no&quot;,&quot;_ob_column_hoveranimator&quot;:&quot;no&quot;,&quot;_ob_glider_is_slider&quot;:&quot;no&quot;,&quot;_ob_column_has_pseudo&quot;:&quot;no&quot;}\">\n\t\t\t\t\t<div class=\"e-con-inner\">\n\t\t\t\t<div class=\"elementor-element elementor-element-26a6dfeb ob-harakiri-inherit ob-has-background-overlay elementor-widget elementor-widget-heading\" data-id=\"26a6dfeb\" data-element_type=\"widget\" data-settings=\"{&quot;_ob_use_harakiri&quot;:&quot;yes&quot;,&quot;_ob_harakiri_writing_mode&quot;:&quot;inherit&quot;,&quot;_ob_harakiri_text_clip&quot;:&quot;none&quot;,&quot;_ob_perspektive_use&quot;:&quot;no&quot;,&quot;_ob_poopart_use&quot;:&quot;yes&quot;,&quot;_ob_shadough_use&quot;:&quot;no&quot;,&quot;_ob_allow_hoveranimator&quot;:&quot;no&quot;,&quot;_ob_widget_stalker_use&quot;:&quot;no&quot;}\" data-widget_type=\"heading.default\">\n\t\t\t\t<div class=\"elementor-widget-container\">\n\t\t\t\t\t<h2 class=\"elementor-heading-title elementor-size-default\">Declaraci\u00f3 d&#039;accessibilitat<\/h2>\t\t\t\t<\/div>\n\t\t\t\t<\/div>\n\t\t\t\t<div class=\"elementor-element elementor-element-5c58a2c2 ob-harakiri-inherit ob-has-background-overlay elementor-widget elementor-widget-text-editor\" data-id=\"5c58a2c2\" data-element_type=\"widget\" data-settings=\"{&quot;_ob_use_harakiri&quot;:&quot;yes&quot;,&quot;_ob_harakiri_writing_mode&quot;:&quot;inherit&quot;,&quot;_ob_postman_use&quot;:&quot;no&quot;,&quot;_ob_perspektive_use&quot;:&quot;no&quot;,&quot;_ob_poopart_use&quot;:&quot;yes&quot;,&quot;_ob_shadough_use&quot;:&quot;no&quot;,&quot;_ob_allow_hoveranimator&quot;:&quot;no&quot;,&quot;_ob_widget_stalker_use&quot;:&quot;no&quot;}\" data-widget_type=\"text-editor.default\">\n\t\t\t\t<div class=\"elementor-widget-container\">\n\t\t\t\t\t\t\t\t\t<div class=\"elementor-element elementor-element-d343b2e elementor-widget elementor-widget-heading\" data-id=\"d343b2e\" data-element_type=\"widget\" data-widget_type=\"heading.default\"><p>Grupo toldos perez SL se ha comprometido a hacer accesible su sitio web, de conformidad con el Real decreto 1112\/2018, de 7 de septiembre, sobre accesibilidad de los sitios web y aplicaciones para dispositivos m\u00f3viles del sector p\u00fablico.<\/p><p>La presente declaraci\u00f3n de accesibilidad se aplica en el sitio web https:\/\/www.<\/p><p>Situaci\u00f3n de cumplimiento<\/p><p>Este sitio web se encuentra desarrollado conforme al RD 1112\/2018.<\/p><p>Preparaci\u00f3n para la siguiente declaraci\u00f3n de accesibilidad<\/p><p>La presente declaraci\u00f3n fue preparada el 2 de enero de 2023<\/p><p>El m\u00e9todo empleado para preparar la declaraci\u00f3n ha sido una autoevaluaci\u00f3n.<\/p><p>Observaciones y datos de contacto<\/p><p>Puede realizar comunicaciones sobre requisitos de accesibilidad (art\u00edculo 10.2.a del RD 1112\/2018) como, por ejemplo:<\/p><p>Informar sobre cualquier posible incumplimiento por parte de este sitio web<br \/>Transmitir otras dificultades de acceso al contenido<br \/>Formular cualquier otra consulta o sugerencia de mejora relativa a la accesibilidad del sitio web a trav\u00e9s del formulario de contacto de este sitio web o a trav\u00e9s del n\u00famero de tel\u00e9fono 935931776.<\/p><p>Puede presentar:<\/p><p>Queja relativa al cumplimiento de los requisitos del RD 1112\/2018 o<br \/>Solicitud de informaci\u00f3n accesible relativa a:<br \/>Contenidos que est\u00e1n excluidos del \u00e1mbito de aplicaci\u00f3n del RD 1112\/2018 seg\u00fan lo que establece el art\u00edculo 3, apartado 4<br \/>Contenidos que est\u00e1n exentos del cumplimiento de los requisitos de accesibilidad para imponer una carga desproporcionada<\/p><p>En la Solicitud de informaci\u00f3n accesible, debe concretarse, con toda claridad, los hechos, razones y petici\u00f3n que permitan constatar que se trata de una solicitud razonable y leg\u00edtima.<\/p><p>Las quejas y reclamaciones sobre informaci\u00f3n accesible se realizar\u00e1n a trav\u00e9s de la sede electr\u00f3nica (https:\/\/sede.red.gob.es\/procedimientos\/quejas-y-sugerencias), y ser\u00e1n recibidas y tratadas por el \u00e1rea de Sistemas de la Informaci\u00f3n de Red.es.<\/p><p>Contenido opcional<\/p><p>Si desea cambiar el tama\u00f1o de letra del texto en los principales navegadores gr\u00e1ficos utilice los siguientes men\u00fas:<\/p><p>Internet Explorer, Mozilla y Firefox: Ver &gt; Tama\u00f1o del texto<br \/>Opera: Ver &gt; Zoom<br \/>Safari: Ver &gt; Hacer el texto m\u00e1s grande<br \/>Chrome: Controla la p\u00e1gina actual &gt; Tama\u00f1o del texto<br \/>Para modificar el tama\u00f1o de todo en la p\u00e1gina:<br \/>Ctrl + + para aumentarlo<br \/>Ctrl + \u2013 para disminuirlo<br \/>Ctrl+0 restaura el tama\u00f1o original del texto<br \/>Si lo que quiere es anular la hoja de estilos o modificar el color del texto, puede consultar la p\u00e1gina How to Change Texto Size o Colores de la WAI, que se puede leer traducida al espa\u00f1ol en C\u00f3mo cambiar el tama\u00f1o del texto o colores?<\/p><\/div>\t\t\t\t\t\t\t\t<\/div>\n\t\t\t\t<\/div>\n\t\t\t\t\t<\/div>\n\t\t\t\t<\/div>\n\t\t\t\t<\/div>","protected":false},"excerpt":{"rendered":"<p>Declaraci\u00f3n de accesibilidad Grupo toldos perez SL se ha comprometido a hacer accesible su sitio web, de conformidad con el Real decreto 1112\/2018, de 7 de septiembre, sobre accesibilidad de los sitios web y aplicaciones para dispositivos m\u00f3viles del sector p\u00fablico. La presente declaraci\u00f3n de accesibilidad se aplica en el sitio web https:\/\/www. Situaci\u00f3n de [&hellip;]<\/p>","protected":false},"author":1,"featured_media":0,"parent":0,"menu_order":0,"comment_status":"closed","ping_status":"closed","template":"","meta":{"site-sidebar-layout":"no-sidebar","site-content-layout":"","ast-site-content-layout":"full-width-container","site-content-style":"default","site-sidebar-style":"default","ast-global-header-display":"","ast-banner-title-visibility":"","ast-main-header-display":"","ast-hfb-above-header-display":"","ast-hfb-below-header-display":"","ast-hfb-mobile-header-display":"","site-post-title":"disabled","ast-breadcrumbs-content":"","ast-featured-img":"disabled","footer-sml-layout":"","ast-disable-related-posts":"","theme-transparent-header-meta":"","adv-header-id-meta":"","stick-header-meta":"","header-above-stick-meta":"","header-main-stick-meta":"","header-below-stick-meta":"","astra-migrate-meta-layouts":"default","ast-page-background-enabled":"default","ast-page-background-meta":{"desktop":{"background-color":"var(--ast-global-color-4)","background-image":"","background-repeat":"repeat","background-position":"center center","background-size":"auto","background-attachment":"scroll","background-type":"","background-media":"","overlay-type":"","overlay-color":"","overlay-opacity":"","overlay-gradient":""},"tablet":{"background-color":"","background-image":"","background-repeat":"repeat","background-position":"center center","background-size":"auto","background-attachment":"scroll","background-type":"","background-media":"","overlay-type":"","overlay-color":"","overlay-opacity":"","overlay-gradient":""},"mobile":{"background-color":"","background-image":"","background-repeat":"repeat","background-position":"center center","background-size":"auto","background-attachment":"scroll","background-type":"","background-media":"","overlay-type":"","overlay-color":"","overlay-opacity":"","overlay-gradient":""}},"ast-content-background-meta":{"desktop":{"background-color":"var(--ast-global-color-5)","background-image":"","background-repeat":"repeat","background-position":"center center","background-size":"auto","background-attachment":"scroll","background-type":"","background-media":"","overlay-type":"","overlay-color":"","overlay-opacity":"","overlay-gradient":""},"tablet":{"background-color":"var(--ast-global-color-5)","background-image":"","background-repeat":"repeat","background-position":"center center","background-size":"auto","background-attachment":"scroll","background-type":"","background-media":"","overlay-type":"","overlay-color":"","overlay-opacity":"","overlay-gradient":""},"mobile":{"background-color":"var(--ast-global-color-5)","background-image":"","background-repeat":"repeat","background-position":"center center","background-size":"auto","background-attachment":"scroll","background-type":"","background-media":"","overlay-type":"","overlay-color":"","overlay-opacity":"","overlay-gradient":""}},"footnotes":""},"class_list":["post-1739","page","type-page","status-publish","hentry"],"yoast_head":"<!-- This site is optimized with the Yoast SEO plugin v26.5 - https:\/\/yoast.com\/wordpress\/plugins\/seo\/ -->\n<title>Declaraci\u00f3n de accesibilidad - Grupo Toldos P\u00e9rez<\/title>\n<meta name=\"robots\" content=\"index, follow, max-snippet:-1, max-image-preview:large, max-video-preview:-1\" \/>\n<link rel=\"canonical\" href=\"https:\/\/toldosperez.com\/ca\/declaracion-de-accesibilidad\/\" \/>\n<meta property=\"og:locale\" content=\"ca_ES\" \/>\n<meta property=\"og:type\" content=\"article\" \/>\n<meta property=\"og:title\" content=\"Declaraci\u00f3n de accesibilidad - Grupo Toldos P\u00e9rez\" \/>\n<meta property=\"og:description\" content=\"Declaraci\u00f3n de accesibilidad Grupo toldos perez SL se ha comprometido a hacer accesible su sitio web, de conformidad con el Real decreto 1112\/2018, de 7 de septiembre, sobre accesibilidad de los sitios web y aplicaciones para dispositivos m\u00f3viles del sector p\u00fablico. La presente declaraci\u00f3n de accesibilidad se aplica en el sitio web https:\/\/www. Situaci\u00f3n de [&hellip;]\" \/>\n<meta property=\"og:url\" content=\"https:\/\/toldosperez.com\/ca\/declaracion-de-accesibilidad\/\" \/>\n<meta property=\"og:site_name\" content=\"Grupo Toldos P\u00e9rez\" \/>\n<meta property=\"article:modified_time\" content=\"2024-04-12T10:54:23+00:00\" \/>\n<meta name=\"twitter:card\" content=\"summary_large_image\" \/>\n<meta name=\"twitter:label1\" content=\"Temps estimat de lectura\" \/>\n\t<meta name=\"twitter:data1\" content=\"2 minuts\" \/>\n<script type=\"application\/ld+json\" class=\"yoast-schema-graph\">{\"@context\":\"https:\/\/schema.org\",\"@graph\":[{\"@type\":\"WebPage\",\"@id\":\"https:\/\/toldosperez.com\/declaracion-de-accesibilidad\",\"url\":\"https:\/\/toldosperez.com\/declaracion-de-accesibilidad\",\"name\":\"Declaraci\u00f3n de accesibilidad - Grupo Toldos P\u00e9rez\",\"isPartOf\":{\"@id\":\"https:\/\/toldosperez.com\/#website\"},\"datePublished\":\"2024-03-05T11:03:04+00:00\",\"dateModified\":\"2024-04-12T10:54:23+00:00\",\"breadcrumb\":{\"@id\":\"https:\/\/toldosperez.com\/declaracion-de-accesibilidad#breadcrumb\"},\"inLanguage\":\"ca\",\"potentialAction\":[{\"@type\":\"ReadAction\",\"target\":[\"https:\/\/toldosperez.com\/declaracion-de-accesibilidad\"]}]},{\"@type\":\"BreadcrumbList\",\"@id\":\"https:\/\/toldosperez.com\/declaracion-de-accesibilidad#breadcrumb\",\"itemListElement\":[{\"@type\":\"ListItem\",\"position\":1,\"name\":\"Portada\",\"item\":\"https:\/\/toldosperez.com\/\"},{\"@type\":\"ListItem\",\"position\":2,\"name\":\"Declaraci\u00f3n de accesibilidad\"}]},{\"@type\":\"WebSite\",\"@id\":\"https:\/\/toldosperez.com\/#website\",\"url\":\"https:\/\/toldosperez.com\/\",\"name\":\"Grupo Toldos Perez\",\"description\":\"Especialistas en protecci\u00f3n solar\",\"publisher\":{\"@id\":\"https:\/\/toldosperez.com\/#organization\"},\"potentialAction\":[{\"@type\":\"SearchAction\",\"target\":{\"@type\":\"EntryPoint\",\"urlTemplate\":\"https:\/\/toldosperez.com\/?s={search_term_string}\"},\"query-input\":{\"@type\":\"PropertyValueSpecification\",\"valueRequired\":true,\"valueName\":\"search_term_string\"}}],\"inLanguage\":\"ca\"},{\"@type\":\"Organization\",\"@id\":\"https:\/\/toldosperez.com\/#organization\",\"name\":\"Grupo Toldos Perez\",\"url\":\"https:\/\/toldosperez.com\/\",\"logo\":{\"@type\":\"ImageObject\",\"inLanguage\":\"ca\",\"@id\":\"https:\/\/toldosperez.com\/#\/schema\/logo\/image\/\",\"url\":\"https:\/\/toldosperez.com\/wp-content\/uploads\/2024\/02\/LOGO-GRUPO-TOLDOS-PEREZ.png\",\"contentUrl\":\"https:\/\/toldosperez.com\/wp-content\/uploads\/2024\/02\/LOGO-GRUPO-TOLDOS-PEREZ.png\",\"width\":6136,\"height\":1798,\"caption\":\"Grupo Toldos Perez\"},\"image\":{\"@id\":\"https:\/\/toldosperez.com\/#\/schema\/logo\/image\/\"}}]}<\/script>\n<!-- \/ Yoast SEO plugin. -->","yoast_head_json":{"title":"Declaraci\u00f3n de accesibilidad - Grupo Toldos P\u00e9rez","robots":{"index":"index","follow":"follow","max-snippet":"max-snippet:-1","max-image-preview":"max-image-preview:large","max-video-preview":"max-video-preview:-1"},"canonical":"https:\/\/toldosperez.com\/ca\/declaracion-de-accesibilidad\/","og_locale":"ca_ES","og_type":"article","og_title":"Declaraci\u00f3n de accesibilidad - Grupo Toldos P\u00e9rez","og_description":"Declaraci\u00f3n de accesibilidad Grupo toldos perez SL se ha comprometido a hacer accesible su sitio web, de conformidad con el Real decreto 1112\/2018, de 7 de septiembre, sobre accesibilidad de los sitios web y aplicaciones para dispositivos m\u00f3viles del sector p\u00fablico. La presente declaraci\u00f3n de accesibilidad se aplica en el sitio web https:\/\/www. Situaci\u00f3n de [&hellip;]","og_url":"https:\/\/toldosperez.com\/ca\/declaracion-de-accesibilidad\/","og_site_name":"Grupo Toldos P\u00e9rez","article_modified_time":"2024-04-12T10:54:23+00:00","twitter_card":"summary_large_image","twitter_misc":{"Temps estimat de lectura":"2 minuts"},"schema":{"@context":"https:\/\/schema.org","@graph":[{"@type":"WebPage","@id":"https:\/\/toldosperez.com\/declaracion-de-accesibilidad","url":"https:\/\/toldosperez.com\/declaracion-de-accesibilidad","name":"Declaraci\u00f3n de accesibilidad - Grupo Toldos P\u00e9rez","isPartOf":{"@id":"https:\/\/toldosperez.com\/#website"},"datePublished":"2024-03-05T11:03:04+00:00","dateModified":"2024-04-12T10:54:23+00:00","breadcrumb":{"@id":"https:\/\/toldosperez.com\/declaracion-de-accesibilidad#breadcrumb"},"inLanguage":"ca","potentialAction":[{"@type":"ReadAction","target":["https:\/\/toldosperez.com\/declaracion-de-accesibilidad"]}]},{"@type":"BreadcrumbList","@id":"https:\/\/toldosperez.com\/declaracion-de-accesibilidad#breadcrumb","itemListElement":[{"@type":"ListItem","position":1,"name":"Portada","item":"https:\/\/toldosperez.com\/"},{"@type":"ListItem","position":2,"name":"Declaraci\u00f3n de accesibilidad"}]},{"@type":"WebSite","@id":"https:\/\/toldosperez.com\/#website","url":"https:\/\/toldosperez.com\/","name":"Grupo Toldos Perez","description":"Especialistas en protecci\u00f3n solar","publisher":{"@id":"https:\/\/toldosperez.com\/#organization"},"potentialAction":[{"@type":"SearchAction","target":{"@type":"EntryPoint","urlTemplate":"https:\/\/toldosperez.com\/?s={search_term_string}"},"query-input":{"@type":"PropertyValueSpecification","valueRequired":true,"valueName":"search_term_string"}}],"inLanguage":"ca"},{"@type":"Organization","@id":"https:\/\/toldosperez.com\/#organization","name":"Grupo Toldos Perez","url":"https:\/\/toldosperez.com\/","logo":{"@type":"ImageObject","inLanguage":"ca","@id":"https:\/\/toldosperez.com\/#\/schema\/logo\/image\/","url":"https:\/\/toldosperez.com\/wp-content\/uploads\/2024\/02\/LOGO-GRUPO-TOLDOS-PEREZ.png","contentUrl":"https:\/\/toldosperez.com\/wp-content\/uploads\/2024\/02\/LOGO-GRUPO-TOLDOS-PEREZ.png","width":6136,"height":1798,"caption":"Grupo Toldos Perez"},"image":{"@id":"https:\/\/toldosperez.com\/#\/schema\/logo\/image\/"}}]}},"_links":{"self":[{"href":"https:\/\/toldosperez.com\/ca\/wp-json\/wp\/v2\/pages\/1739","targetHints":{"allow":["GET"]}}],"collection":[{"href":"https:\/\/toldosperez.com\/ca\/wp-json\/wp\/v2\/pages"}],"about":[{"href":"https:\/\/toldosperez.com\/ca\/wp-json\/wp\/v2\/types\/page"}],"author":[{"embeddable":true,"href":"https:\/\/toldosperez.com\/ca\/wp-json\/wp\/v2\/users\/1"}],"replies":[{"embeddable":true,"href":"https:\/\/toldosperez.com\/ca\/wp-json\/wp\/v2\/comments?post=1739"}],"version-history":[{"count":22,"href":"https:\/\/toldosperez.com\/ca\/wp-json\/wp\/v2\/pages\/1739\/revisions"}],"predecessor-version":[{"id":7235,"href":"https:\/\/toldosperez.com\/ca\/wp-json\/wp\/v2\/pages\/1739\/revisions\/7235"}],"wp:attachment":[{"href":"https:\/\/toldosperez.com\/ca\/wp-json\/wp\/v2\/media?parent=1739"}],"curies":[{"name":"wp","href":"https:\/\/api.w.org\/{rel}","templated":true}]}}