{"id":1690,"date":"2024-03-05T10:22:16","date_gmt":"2024-03-05T10:22:16","guid":{"rendered":"https:\/\/toldosperez.com\/?page_id=1690"},"modified":"2024-04-12T12:06:33","modified_gmt":"2024-04-12T12:06:33","slug":"aviso-legal","status":"publish","type":"page","link":"https:\/\/toldosperez.com\/ca\/aviso-legal","title":{"rendered":"Aviso legal"},"content":{"rendered":"<div data-elementor-type=\"wp-page\" data-elementor-id=\"1690\" class=\"elementor elementor-1690\" data-elementor-post-type=\"page\">\n\t\t\t\t<div class=\"elementor-element elementor-element-078dca9 e-flex e-con-boxed e-con e-parent\" data-id=\"078dca9\" data-element_type=\"container\" data-settings=\"{&quot;background_background&quot;:&quot;gradient&quot;,&quot;_ob_use_container_extras&quot;:&quot;no&quot;,&quot;_ob_column_hoveranimator&quot;:&quot;no&quot;,&quot;_ob_glider_is_slider&quot;:&quot;no&quot;,&quot;_ob_column_has_pseudo&quot;:&quot;no&quot;}\">\n\t\t\t\t\t<div class=\"e-con-inner\">\n\t\t\t\t\t<\/div>\n\t\t\t\t<\/div>\n\t\t<div class=\"elementor-element elementor-element-9beda50 e-flex e-con-boxed e-con e-parent\" data-id=\"9beda50\" data-element_type=\"container\" data-settings=\"{&quot;_ob_use_container_extras&quot;:&quot;no&quot;,&quot;_ob_column_hoveranimator&quot;:&quot;no&quot;,&quot;_ob_glider_is_slider&quot;:&quot;no&quot;,&quot;_ob_column_has_pseudo&quot;:&quot;no&quot;}\">\n\t\t\t\t\t<div class=\"e-con-inner\">\n\t\t\t\t<div class=\"elementor-element elementor-element-d912fbe ob-harakiri-inherit ob-has-background-overlay elementor-widget elementor-widget-heading\" data-id=\"d912fbe\" data-element_type=\"widget\" data-settings=\"{&quot;_ob_use_harakiri&quot;:&quot;yes&quot;,&quot;_ob_harakiri_writing_mode&quot;:&quot;inherit&quot;,&quot;_ob_harakiri_text_clip&quot;:&quot;none&quot;,&quot;_ob_perspektive_use&quot;:&quot;no&quot;,&quot;_ob_poopart_use&quot;:&quot;yes&quot;,&quot;_ob_shadough_use&quot;:&quot;no&quot;,&quot;_ob_allow_hoveranimator&quot;:&quot;no&quot;,&quot;_ob_widget_stalker_use&quot;:&quot;no&quot;}\" data-widget_type=\"heading.default\">\n\t\t\t\t<div class=\"elementor-widget-container\">\n\t\t\t\t\t<h2 class=\"elementor-heading-title elementor-size-default\">Av\u00eds Legal<\/h2>\t\t\t\t<\/div>\n\t\t\t\t<\/div>\n\t\t\t\t<div class=\"elementor-element elementor-element-24862c9 ob-harakiri-inherit ob-has-background-overlay elementor-widget elementor-widget-text-editor\" data-id=\"24862c9\" data-element_type=\"widget\" data-settings=\"{&quot;_ob_use_harakiri&quot;:&quot;yes&quot;,&quot;_ob_harakiri_writing_mode&quot;:&quot;inherit&quot;,&quot;_ob_postman_use&quot;:&quot;no&quot;,&quot;_ob_perspektive_use&quot;:&quot;no&quot;,&quot;_ob_poopart_use&quot;:&quot;yes&quot;,&quot;_ob_shadough_use&quot;:&quot;no&quot;,&quot;_ob_allow_hoveranimator&quot;:&quot;no&quot;,&quot;_ob_widget_stalker_use&quot;:&quot;no&quot;}\" data-widget_type=\"text-editor.default\">\n\t\t\t\t<div class=\"elementor-widget-container\">\n\t\t\t\t\t\t\t\t\t<div class=\"elementor-element elementor-element-d343b2e elementor-widget elementor-widget-heading\" data-id=\"d343b2e\" data-element_type=\"widget\" data-widget_type=\"heading.default\">\n<p class=\"elementor-widget-container\"><span style=\"font-size: 16px;\">De conformidad con la Ley 34\/2002, de Servicios de la Sociedad de la Informaci\u00f3n y de Comercio Electr\u00f3nico, le informamos que esta web es titularidad de Grupo toldos perez SL, (en adelante \u201cEL TITULAR\u201d), con CIF: B62259593, con domicilio en Avenida Libertad, 11-13, MOLLET DEL VALL\u00c8S (08100), Barcelona; tel\u00e9fono 935931776.<\/span><\/p>\n<\/div>\n<div class=\"elementor-element elementor-element-9271c0f elementor-widget elementor-widget-heading\" data-id=\"9271c0f\" data-element_type=\"widget\" data-widget_type=\"heading.default\">\n<div class=\"elementor-widget-container\">\n<h2 class=\"elementor-heading-title elementor-size-default\"><span style=\"font-size: 16px; color: #000000;\">PROPIEDAD INTELECTUAL E INDUSTRIAL<\/span><\/h2>\n<\/div>\n<\/div>\n<div class=\"elementor-element elementor-element-a0bda2e elementor-widget elementor-widget-text-editor\" data-id=\"a0bda2e\" data-element_type=\"widget\" data-widget_type=\"text-editor.default\">\n<div class=\"elementor-widget-container\">\n<p>Los contenidos de este sitio, incluyendo los textos, im\u00e1genes y dise\u00f1os gr\u00e1ficos, pertenecen al TITULAR, oa terceros que han autorizado su uso. EL TITULAR presenta estos contenidos con fines de informaci\u00f3n y promoci\u00f3n. EL TITULAR autoriza su utilizaci\u00f3n exclusivamente con estas finalidades. Cualquier utilizaci\u00f3n de estos dise\u00f1os, im\u00e1genes o textos deber\u00e1 citar expresamente su pertenencia al TITULAR, quien se reserva el derecho a iniciar las acciones legales oportunas para reparar los da\u00f1os y perjuicios causados por cualquier acto que vulnere sus derechos de propiedad intelectual intelectual o industrial.<\/p>\n<\/div>\n<\/div>\n<div class=\"elementor-element elementor-element-41eccdd elementor-widget elementor-widget-heading\" data-id=\"41eccdd\" data-element_type=\"widget\" data-widget_type=\"heading.default\">\n<div class=\"elementor-widget-container\">\n<h2 class=\"elementor-heading-title elementor-size-default\"><span style=\"font-size: 16px; color: #000000;\">EXCLUSI\u00d3N DE RESPONSABILIDAD<\/span><\/h2>\n<\/div>\n<\/div>\n<div class=\"elementor-element elementor-element-c5d97d6 elementor-widget elementor-widget-text-editor\" data-id=\"c5d97d6\" data-element_type=\"widget\" data-widget_type=\"text-editor.default\">\n<div class=\"elementor-widget-container\">\n<p>EL TITULAR act\u00faa con la m\u00e1xima diligencia posible para que los datos y la informaci\u00f3n que ofrece en su sitio web est\u00e9 actualizado en todo momento, si bien no garantiza ni se hace responsable de la exactitud y actualizaci\u00f3n de los contenidos del sitio web, reserv\u00e1ndose derecho a modificar estos contenidos en cualquier momento. EL TITULAR tampoco ser\u00e1 responsable de la informaci\u00f3n que pueda obtenerse a trav\u00e9s de enlaces incluidos en el sitio web.<\/p>\n<p>Las relaciones comerciales con los clientes se regir\u00e1n por las Condiciones Generales que, en su caso, se establezcan por el TITULAR en un documento espec\u00edfico al efecto, o por los pactos concretos que pudieran acordarse con los clientes.<\/p>\n<\/div>\n<\/div>\n<div class=\"elementor-element elementor-element-536b45e elementor-widget elementor-widget-heading\" data-id=\"536b45e\" data-element_type=\"widget\" data-widget_type=\"heading.default\">\n<div class=\"elementor-widget-container\">\n<h2 class=\"elementor-heading-title elementor-size-default\"><span style=\"font-size: 16px; color: #000000;\">CONDICIONES DE USO<\/span><\/h2>\n<\/div>\n<\/div>\n<div class=\"elementor-element elementor-element-714645d elementor-widget elementor-widget-text-editor\" data-id=\"714645d\" data-element_type=\"widget\" data-widget_type=\"text-editor.default\">\n<div class=\"elementor-widget-container\">\n<p>El uso de este sitio web implica la aceptaci\u00f3n plena de los t\u00e9rminos del presente aviso legal. Los posibles conflictos relativos a esta web se regir\u00e1n exclusivamente por el derecho del Estado Espa\u00f1ol. Toda persona usuaria de la web, independientemente de la jurisdicci\u00f3n territorial desde la que se produzca su acceso, acepta el cumplimiento y respeto de estas cl\u00e1usulas con renuncia expresa a cualquier otro fuero que pudiera corresponderle.<\/p>\n<\/div>\n<\/div>\t\t\t\t\t\t\t\t<\/div>\n\t\t\t\t<\/div>\n\t\t\t\t\t<\/div>\n\t\t\t\t<\/div>\n\t\t\t\t<\/div>","protected":false},"excerpt":{"rendered":"<p>Aviso Legal De conformidad con la Ley 34\/2002, de Servicios de la Sociedad de la Informaci\u00f3n y de Comercio Electr\u00f3nico, le informamos que esta web es titularidad de Grupo toldos perez SL, (en adelante \u201cEL TITULAR\u201d), con CIF: B62259593, con domicilio en Avenida Libertad, 11-13, MOLLET DEL VALL\u00c8S (08100), Barcelona; tel\u00e9fono 935931776. PROPIEDAD INTELECTUAL E [&hellip;]<\/p>","protected":false},"author":1,"featured_media":0,"parent":0,"menu_order":0,"comment_status":"closed","ping_status":"closed","template":"","meta":{"site-sidebar-layout":"no-sidebar","site-content-layout":"","ast-site-content-layout":"full-width-container","site-content-style":"default","site-sidebar-style":"default","ast-global-header-display":"","ast-banner-title-visibility":"","ast-main-header-display":"","ast-hfb-above-header-display":"","ast-hfb-below-header-display":"","ast-hfb-mobile-header-display":"","site-post-title":"disabled","ast-breadcrumbs-content":"","ast-featured-img":"disabled","footer-sml-layout":"","ast-disable-related-posts":"","theme-transparent-header-meta":"","adv-header-id-meta":"","stick-header-meta":"","header-above-stick-meta":"","header-main-stick-meta":"","header-below-stick-meta":"","astra-migrate-meta-layouts":"default","ast-page-background-enabled":"default","ast-page-background-meta":{"desktop":{"background-color":"var(--ast-global-color-4)","background-image":"","background-repeat":"repeat","background-position":"center center","background-size":"auto","background-attachment":"scroll","background-type":"","background-media":"","overlay-type":"","overlay-color":"","overlay-opacity":"","overlay-gradient":""},"tablet":{"background-color":"","background-image":"","background-repeat":"repeat","background-position":"center center","background-size":"auto","background-attachment":"scroll","background-type":"","background-media":"","overlay-type":"","overlay-color":"","overlay-opacity":"","overlay-gradient":""},"mobile":{"background-color":"","background-image":"","background-repeat":"repeat","background-position":"center center","background-size":"auto","background-attachment":"scroll","background-type":"","background-media":"","overlay-type":"","overlay-color":"","overlay-opacity":"","overlay-gradient":""}},"ast-content-background-meta":{"desktop":{"background-color":"var(--ast-global-color-5)","background-image":"","background-repeat":"repeat","background-position":"center center","background-size":"auto","background-attachment":"scroll","background-type":"","background-media":"","overlay-type":"","overlay-color":"","overlay-opacity":"","overlay-gradient":""},"tablet":{"background-color":"var(--ast-global-color-5)","background-image":"","background-repeat":"repeat","background-position":"center center","background-size":"auto","background-attachment":"scroll","background-type":"","background-media":"","overlay-type":"","overlay-color":"","overlay-opacity":"","overlay-gradient":""},"mobile":{"background-color":"var(--ast-global-color-5)","background-image":"","background-repeat":"repeat","background-position":"center center","background-size":"auto","background-attachment":"scroll","background-type":"","background-media":"","overlay-type":"","overlay-color":"","overlay-opacity":"","overlay-gradient":""}},"footnotes":""},"class_list":["post-1690","page","type-page","status-publish","hentry"],"yoast_head":"<!-- This site is optimized with the Yoast SEO plugin v26.5 - https:\/\/yoast.com\/wordpress\/plugins\/seo\/ -->\n<title>Aviso legal - Grupo Toldos P\u00e9rez<\/title>\n<meta name=\"robots\" content=\"index, follow, max-snippet:-1, max-image-preview:large, max-video-preview:-1\" \/>\n<link rel=\"canonical\" href=\"https:\/\/toldosperez.com\/ca\/aviso-legal\/\" \/>\n<meta property=\"og:locale\" content=\"ca_ES\" \/>\n<meta property=\"og:type\" content=\"article\" \/>\n<meta property=\"og:title\" content=\"Aviso legal - Grupo Toldos P\u00e9rez\" \/>\n<meta property=\"og:description\" content=\"Aviso Legal De conformidad con la Ley 34\/2002, de Servicios de la Sociedad de la Informaci\u00f3n y de Comercio Electr\u00f3nico, le informamos que esta web es titularidad de Grupo toldos perez SL, (en adelante \u201cEL TITULAR\u201d), con CIF: B62259593, con domicilio en Avenida Libertad, 11-13, MOLLET DEL VALL\u00c8S (08100), Barcelona; tel\u00e9fono 935931776. PROPIEDAD INTELECTUAL E [&hellip;]\" \/>\n<meta property=\"og:url\" content=\"https:\/\/toldosperez.com\/ca\/aviso-legal\/\" \/>\n<meta property=\"og:site_name\" content=\"Grupo Toldos P\u00e9rez\" \/>\n<meta property=\"article:modified_time\" content=\"2024-04-12T12:06:33+00:00\" \/>\n<meta name=\"twitter:card\" content=\"summary_large_image\" \/>\n<meta name=\"twitter:label1\" content=\"Temps estimat de lectura\" \/>\n\t<meta name=\"twitter:data1\" content=\"2 minuts\" \/>\n<script type=\"application\/ld+json\" class=\"yoast-schema-graph\">{\"@context\":\"https:\/\/schema.org\",\"@graph\":[{\"@type\":\"WebPage\",\"@id\":\"https:\/\/toldosperez.com\/aviso-legal\",\"url\":\"https:\/\/toldosperez.com\/aviso-legal\",\"name\":\"Aviso legal - Grupo Toldos P\u00e9rez\",\"isPartOf\":{\"@id\":\"https:\/\/toldosperez.com\/#website\"},\"datePublished\":\"2024-03-05T10:22:16+00:00\",\"dateModified\":\"2024-04-12T12:06:33+00:00\",\"breadcrumb\":{\"@id\":\"https:\/\/toldosperez.com\/aviso-legal#breadcrumb\"},\"inLanguage\":\"ca\",\"potentialAction\":[{\"@type\":\"ReadAction\",\"target\":[\"https:\/\/toldosperez.com\/aviso-legal\"]}]},{\"@type\":\"BreadcrumbList\",\"@id\":\"https:\/\/toldosperez.com\/aviso-legal#breadcrumb\",\"itemListElement\":[{\"@type\":\"ListItem\",\"position\":1,\"name\":\"Portada\",\"item\":\"https:\/\/toldosperez.com\/\"},{\"@type\":\"ListItem\",\"position\":2,\"name\":\"Aviso legal\"}]},{\"@type\":\"WebSite\",\"@id\":\"https:\/\/toldosperez.com\/#website\",\"url\":\"https:\/\/toldosperez.com\/\",\"name\":\"Grupo Toldos Perez\",\"description\":\"Especialistas en protecci\u00f3n solar\",\"publisher\":{\"@id\":\"https:\/\/toldosperez.com\/#organization\"},\"potentialAction\":[{\"@type\":\"SearchAction\",\"target\":{\"@type\":\"EntryPoint\",\"urlTemplate\":\"https:\/\/toldosperez.com\/?s={search_term_string}\"},\"query-input\":{\"@type\":\"PropertyValueSpecification\",\"valueRequired\":true,\"valueName\":\"search_term_string\"}}],\"inLanguage\":\"ca\"},{\"@type\":\"Organization\",\"@id\":\"https:\/\/toldosperez.com\/#organization\",\"name\":\"Grupo Toldos Perez\",\"url\":\"https:\/\/toldosperez.com\/\",\"logo\":{\"@type\":\"ImageObject\",\"inLanguage\":\"ca\",\"@id\":\"https:\/\/toldosperez.com\/#\/schema\/logo\/image\/\",\"url\":\"https:\/\/toldosperez.com\/wp-content\/uploads\/2024\/02\/LOGO-GRUPO-TOLDOS-PEREZ.png\",\"contentUrl\":\"https:\/\/toldosperez.com\/wp-content\/uploads\/2024\/02\/LOGO-GRUPO-TOLDOS-PEREZ.png\",\"width\":6136,\"height\":1798,\"caption\":\"Grupo Toldos Perez\"},\"image\":{\"@id\":\"https:\/\/toldosperez.com\/#\/schema\/logo\/image\/\"}}]}<\/script>\n<!-- \/ Yoast SEO plugin. -->","yoast_head_json":{"title":"Aviso legal - Grupo Toldos P\u00e9rez","robots":{"index":"index","follow":"follow","max-snippet":"max-snippet:-1","max-image-preview":"max-image-preview:large","max-video-preview":"max-video-preview:-1"},"canonical":"https:\/\/toldosperez.com\/ca\/aviso-legal\/","og_locale":"ca_ES","og_type":"article","og_title":"Aviso legal - Grupo Toldos P\u00e9rez","og_description":"Aviso Legal De conformidad con la Ley 34\/2002, de Servicios de la Sociedad de la Informaci\u00f3n y de Comercio Electr\u00f3nico, le informamos que esta web es titularidad de Grupo toldos perez SL, (en adelante \u201cEL TITULAR\u201d), con CIF: B62259593, con domicilio en Avenida Libertad, 11-13, MOLLET DEL VALL\u00c8S (08100), Barcelona; tel\u00e9fono 935931776. PROPIEDAD INTELECTUAL E [&hellip;]","og_url":"https:\/\/toldosperez.com\/ca\/aviso-legal\/","og_site_name":"Grupo Toldos P\u00e9rez","article_modified_time":"2024-04-12T12:06:33+00:00","twitter_card":"summary_large_image","twitter_misc":{"Temps estimat de lectura":"2 minuts"},"schema":{"@context":"https:\/\/schema.org","@graph":[{"@type":"WebPage","@id":"https:\/\/toldosperez.com\/aviso-legal","url":"https:\/\/toldosperez.com\/aviso-legal","name":"Aviso legal - Grupo Toldos P\u00e9rez","isPartOf":{"@id":"https:\/\/toldosperez.com\/#website"},"datePublished":"2024-03-05T10:22:16+00:00","dateModified":"2024-04-12T12:06:33+00:00","breadcrumb":{"@id":"https:\/\/toldosperez.com\/aviso-legal#breadcrumb"},"inLanguage":"ca","potentialAction":[{"@type":"ReadAction","target":["https:\/\/toldosperez.com\/aviso-legal"]}]},{"@type":"BreadcrumbList","@id":"https:\/\/toldosperez.com\/aviso-legal#breadcrumb","itemListElement":[{"@type":"ListItem","position":1,"name":"Portada","item":"https:\/\/toldosperez.com\/"},{"@type":"ListItem","position":2,"name":"Aviso legal"}]},{"@type":"WebSite","@id":"https:\/\/toldosperez.com\/#website","url":"https:\/\/toldosperez.com\/","name":"Grupo Toldos Perez","description":"Especialistas en protecci\u00f3n solar","publisher":{"@id":"https:\/\/toldosperez.com\/#organization"},"potentialAction":[{"@type":"SearchAction","target":{"@type":"EntryPoint","urlTemplate":"https:\/\/toldosperez.com\/?s={search_term_string}"},"query-input":{"@type":"PropertyValueSpecification","valueRequired":true,"valueName":"search_term_string"}}],"inLanguage":"ca"},{"@type":"Organization","@id":"https:\/\/toldosperez.com\/#organization","name":"Grupo Toldos Perez","url":"https:\/\/toldosperez.com\/","logo":{"@type":"ImageObject","inLanguage":"ca","@id":"https:\/\/toldosperez.com\/#\/schema\/logo\/image\/","url":"https:\/\/toldosperez.com\/wp-content\/uploads\/2024\/02\/LOGO-GRUPO-TOLDOS-PEREZ.png","contentUrl":"https:\/\/toldosperez.com\/wp-content\/uploads\/2024\/02\/LOGO-GRUPO-TOLDOS-PEREZ.png","width":6136,"height":1798,"caption":"Grupo Toldos Perez"},"image":{"@id":"https:\/\/toldosperez.com\/#\/schema\/logo\/image\/"}}]}},"_links":{"self":[{"href":"https:\/\/toldosperez.com\/ca\/wp-json\/wp\/v2\/pages\/1690","targetHints":{"allow":["GET"]}}],"collection":[{"href":"https:\/\/toldosperez.com\/ca\/wp-json\/wp\/v2\/pages"}],"about":[{"href":"https:\/\/toldosperez.com\/ca\/wp-json\/wp\/v2\/types\/page"}],"author":[{"embeddable":true,"href":"https:\/\/toldosperez.com\/ca\/wp-json\/wp\/v2\/users\/1"}],"replies":[{"embeddable":true,"href":"https:\/\/toldosperez.com\/ca\/wp-json\/wp\/v2\/comments?post=1690"}],"version-history":[{"count":19,"href":"https:\/\/toldosperez.com\/ca\/wp-json\/wp\/v2\/pages\/1690\/revisions"}],"predecessor-version":[{"id":7289,"href":"https:\/\/toldosperez.com\/ca\/wp-json\/wp\/v2\/pages\/1690\/revisions\/7289"}],"wp:attachment":[{"href":"https:\/\/toldosperez.com\/ca\/wp-json\/wp\/v2\/media?parent=1690"}],"curies":[{"name":"wp","href":"https:\/\/api.w.org\/{rel}","templated":true}]}}